{"id":17,"date":"2026-05-07T22:39:43","date_gmt":"2026-05-07T19:39:43","guid":{"rendered":"http:\/\/157.180.85.120\/?page_id=17"},"modified":"2026-05-07T22:39:43","modified_gmt":"2026-05-07T19:39:43","slug":"koulutus-ja-konsultointi","status":"publish","type":"page","link":"https:\/\/koukutkiinni.fi\/?page_id=17","title":{"rendered":"Koulutus ja konsultointi"},"content":{"rendered":"\n<h2 class=\"wp-block-heading\">Koulutus ja konsultointi<\/h2>\n\n\n\n<p>Tarjoan koulutusta nostoty\u00f6n k\u00e4yt\u00e4nn\u00f6n statiikasta sek\u00e4 nostojen suunnitteluun liittyvist\u00e4 matemaattisista perusperiaatteista. Koulutus voidaan r\u00e4\u00e4t\u00e4l\u00f6id\u00e4 eri kohderyhmille: alamiehille, ty\u00f6njohdolle tai suunnitteluteht\u00e4viss\u00e4 ty\u00f6skenteleville.<\/p>\n\n\n\n<p>Toimin statiikan apulaisopettajana Metropolia Ammattikorkeakoulussa, ja minulla on vankka kokemus nostot\u00f6iden toteuttamisesta k\u00e4yt\u00e4nn\u00f6ss\u00e4. Koulutuksissani yhdistyy teoria ja k\u00e4yt\u00e4nt\u00f6 tavalla, joka tekee raskaasta aiheesta ymm\u00e4rrett\u00e4v\u00e4n ja sovellettavan ty\u00f6mailla.<\/p>\n\n\n\n<p>Tarjoan my\u00f6s teknist\u00e4 neuvontaa ja laskennallista tukea yrityksille, jotka haluavat varmistaa nostoty\u00f6n turvallisuuden ja tehokkuuden. Tukea voidaan tarjota esimerkiksi erikoiselementtien k\u00e4sittelyss\u00e4, kuormien jakautumisen arvioinnissa tai nostokaluston valinnassa.<\/p>\n\n\n\n<p>Lis\u00e4ksi pystyn toimimaan ty\u00f6mailla nostoty\u00f6nvalvojana sek\u00e4 laatimaan nostoty\u00f6suunnitelmia tilanteisiin, joissa ty\u00f6maa tarvitsee asiantuntevaa ja vastuullista tukea nostojen suunnitteluun ja toteutukseen.<\/p>\n\n\n\n<p>Jos tarvitsette koulutusta ty\u00f6maalle, t\u00e4ydennyskoulutusta henkil\u00f6st\u00f6lle tai asiantuntevaa apua nostoty\u00f6n hallintaan, otathan yhteytt\u00e4.<\/p>\n","protected":false},"excerpt":{"rendered":"<p>Koulutus ja konsultointi Tarjoan koulutusta nostoty\u00f6n k\u00e4yt\u00e4nn\u00f6n statiikasta sek\u00e4 nostojen suunnitteluun liittyvist\u00e4 matemaattisista perusperiaatteista. Koulutus voidaan r\u00e4\u00e4t\u00e4l\u00f6id\u00e4 eri kohderyhmille: alamiehille, [&hellip;]<\/p>\n","protected":false},"author":1,"featured_media":0,"parent":0,"menu_order":0,"comment_status":"closed","ping_status":"closed","template":"","meta":{"site-sidebar-layout":"default","site-content-layout":"","ast-site-content-layout":"default","site-content-style":"default","site-sidebar-style":"default","ast-global-header-display":"","ast-banner-title-visibility":"","ast-main-header-display":"","ast-hfb-above-header-display":"","ast-hfb-below-header-display":"","ast-hfb-mobile-header-display":"","site-post-title":"","ast-breadcrumbs-content":"","ast-featured-img":"","footer-sml-layout":"","ast-disable-related-posts":"","theme-transparent-header-meta":"","adv-header-id-meta":"","stick-header-meta":"","header-above-stick-meta":"","header-main-stick-meta":"","header-below-stick-meta":"","astra-migrate-meta-layouts":"default","ast-page-background-enabled":"default","ast-page-background-meta":{"desktop":{"background-color":"var(--ast-global-color-5)","background-image":"","background-repeat":"repeat","background-position":"center center","background-size":"auto","background-attachment":"scroll","background-type":"","background-media":"","overlay-type":"","overlay-color":"","overlay-opacity":"","overlay-gradient":""},"tablet":{"background-color":"","background-image":"","background-repeat":"repeat","background-position":"center center","background-size":"auto","background-attachment":"scroll","background-type":"","background-media":"","overlay-type":"","overlay-color":"","overlay-opacity":"","overlay-gradient":""},"mobile":{"background-color":"","background-image":"","background-repeat":"repeat","background-position":"center center","background-size":"auto","background-attachment":"scroll","background-type":"","background-media":"","overlay-type":"","overlay-color":"","overlay-opacity":"","overlay-gradient":""}},"ast-content-background-meta":{"desktop":{"background-color":"var(--ast-global-color-4)","background-image":"","background-repeat":"repeat","background-position":"center center","background-size":"auto","background-attachment":"scroll","background-type":"","background-media":"","overlay-type":"","overlay-color":"","overlay-opacity":"","overlay-gradient":""},"tablet":{"background-color":"var(--ast-global-color-4)","background-image":"","background-repeat":"repeat","background-position":"center center","background-size":"auto","background-attachment":"scroll","background-type":"","background-media":"","overlay-type":"","overlay-color":"","overlay-opacity":"","overlay-gradient":""},"mobile":{"background-color":"var(--ast-global-color-4)","background-image":"","background-repeat":"repeat","background-position":"center center","background-size":"auto","background-attachment":"scroll","background-type":"","background-media":"","overlay-type":"","overlay-color":"","overlay-opacity":"","overlay-gradient":""}},"footnotes":""},"class_list":["post-17","page","type-page","status-publish","hentry"],"_links":{"self":[{"href":"https:\/\/koukutkiinni.fi\/index.php?rest_route=\/wp\/v2\/pages\/17","targetHints":{"allow":["GET"]}}],"collection":[{"href":"https:\/\/koukutkiinni.fi\/index.php?rest_route=\/wp\/v2\/pages"}],"about":[{"href":"https:\/\/koukutkiinni.fi\/index.php?rest_route=\/wp\/v2\/types\/page"}],"author":[{"embeddable":true,"href":"https:\/\/koukutkiinni.fi\/index.php?rest_route=\/wp\/v2\/users\/1"}],"replies":[{"embeddable":true,"href":"https:\/\/koukutkiinni.fi\/index.php?rest_route=%2Fwp%2Fv2%2Fcomments&post=17"}],"version-history":[{"count":1,"href":"https:\/\/koukutkiinni.fi\/index.php?rest_route=\/wp\/v2\/pages\/17\/revisions"}],"predecessor-version":[{"id":18,"href":"https:\/\/koukutkiinni.fi\/index.php?rest_route=\/wp\/v2\/pages\/17\/revisions\/18"}],"wp:attachment":[{"href":"https:\/\/koukutkiinni.fi\/index.php?rest_route=%2Fwp%2Fv2%2Fmedia&parent=17"}],"curies":[{"name":"wp","href":"https:\/\/api.w.org\/{rel}","templated":true}]}}