{"id":15,"date":"2026-05-07T22:39:16","date_gmt":"2026-05-07T19:39:16","guid":{"rendered":"http:\/\/157.180.85.120\/?page_id=15"},"modified":"2026-05-08T01:02:38","modified_gmt":"2026-05-07T22:02:38","slug":"koukut-kiinni-kirja","status":"publish","type":"page","link":"https:\/\/koukutkiinni.fi\/?page_id=15","title":{"rendered":"Koukut Kiinni-kirja"},"content":{"rendered":"\n<figure class=\"wp-block-image alignleft size-large is-resized\"><img loading=\"lazy\" decoding=\"async\" width=\"731\" height=\"1024\" src=\"https:\/\/koukutkiinni.fi\/wp-content\/uploads\/2026\/05\/kansi-731x1024.png\" alt=\"\" class=\"wp-image-31\" style=\"object-fit:contain;width:400px;height:800px\" srcset=\"https:\/\/koukutkiinni.fi\/wp-content\/uploads\/2026\/05\/kansi-731x1024.png 731w, https:\/\/koukutkiinni.fi\/wp-content\/uploads\/2026\/05\/kansi-214x300.png 214w, https:\/\/koukutkiinni.fi\/wp-content\/uploads\/2026\/05\/kansi-768x1076.png 768w, https:\/\/koukutkiinni.fi\/wp-content\/uploads\/2026\/05\/kansi.png 1033w\" sizes=\"auto, (max-width: 731px) 100vw, 731px\" \/><\/figure>\n\n\n\n<p><strong>Koukut Kiinni \u2013 Nostoty\u00f6matematiikkaa<\/strong><\/p>\n\n\n\n<p><em>Koukut Kiinni<\/em> on ainutlaatuinen tekninen oppikirja, joka yhdist\u00e4\u00e4 nostoty\u00f6n mekaaniset lainalaisuudet ja matemaattisen analyysin selke\u00e4ksi ja k\u00e4yt\u00e4nn\u00f6nl\u00e4heiseksi kokonaisuudeksi. Teos on suunnattu erityisesti suunnittelu- ja esihenkil\u00f6teht\u00e4viss\u00e4 toimiville, jotka haluavat perustaa nostojen arvioinnin pelk\u00e4n kokemuksen sijaan laskennalliselle ymm\u00e4rrykselle.<\/p>\n\n\n\n<div class=\"wp-block-columns is-layout-flex wp-container-core-columns-is-layout-28f84493 wp-block-columns-is-layout-flex\">\n<div class=\"wp-block-column is-layout-flow wp-block-column-is-layout-flow\">\n<p>Kirja soveltuu:<\/p>\n\n\n\n<ul class=\"wp-block-list\">\n<li>ty\u00f6njohdolle ja nostoty\u00f6n suunnittelijoille<\/li>\n\n\n\n<li>ty\u00f6maan turvallisuus- ja valvontavastuussa toimiville<\/li>\n\n\n\n<li>opettajille ja alan kouluttajille<\/li>\n\n\n\n<li>teknisesti suuntautuneille alan ammattilaisille<\/li>\n<\/ul>\n\n\n\n<p>Teos k\u00e4sittelee muun muassa:<\/p>\n\n\n\n<ul class=\"wp-block-list\">\n<li>momenttilaskentaa ja ep\u00e4tasapainotilanteiden analyysi\u00e4<\/li>\n\n\n\n<li>painopisteen vaikutuksia nostoihin ja kuormituksiin<\/li>\n\n\n\n<li>sidontakulmien laskemista ja voimien jakautumista<\/li>\n\n\n\n<li>vektorilaskennan ja trigonometrisen p\u00e4\u00e4ttelyn soveltamista k\u00e4yt\u00e4nn\u00f6n nostoihin<\/li>\n<\/ul>\n<\/div>\n\n\n\n<div class=\"wp-block-column is-layout-flow wp-block-column-is-layout-flow\">\n<figure class=\"wp-block-image size-large\"><img loading=\"lazy\" decoding=\"async\" width=\"1024\" height=\"669\" src=\"https:\/\/koukutkiinni.fi\/wp-content\/uploads\/2026\/05\/sisallysluettelo-1024x669.png\" alt=\"\" class=\"wp-image-36\" srcset=\"https:\/\/koukutkiinni.fi\/wp-content\/uploads\/2026\/05\/sisallysluettelo-1024x669.png 1024w, https:\/\/koukutkiinni.fi\/wp-content\/uploads\/2026\/05\/sisallysluettelo-300x196.png 300w, https:\/\/koukutkiinni.fi\/wp-content\/uploads\/2026\/05\/sisallysluettelo-768x502.png 768w, https:\/\/koukutkiinni.fi\/wp-content\/uploads\/2026\/05\/sisallysluettelo-1536x1004.png 1536w, https:\/\/koukutkiinni.fi\/wp-content\/uploads\/2026\/05\/sisallysluettelo-2048x1339.png 2048w\" sizes=\"auto, (max-width: 1024px) 100vw, 1024px\" \/><\/figure>\n<\/div>\n<\/div>\n\n\n\n<p>Kirja ei vaadi pitk\u00e4lle edenneit\u00e4 matemaattisia opintoja, mutta edellytt\u00e4\u00e4 loogista ajattelua, laskennan perusteiden hallintaa ja kiinnostusta nostoty\u00f6n ilmi\u00f6iden ymm\u00e4rt\u00e4miseen laskennallisesti.<\/p>\n\n\n\n<p><strong>Saatavilla yksinoikeudella:<\/strong><br>Kirjan painettu ja s\u00e4hk\u00f6inen versio on saatavilla ainoastaan tekij\u00e4n verkkosivujen kautta<\/p>\n\n\n\n<p><\/p>\n\n\n\n<p><\/p>\n\n\n\n<p><\/p>\n\n\n\n<!-- Suomenkielinen nappi -->\n<a href=\"https:\/\/kirjapalvelin.koukutkiinni.fi\/payment.php\" target=\"_blank\" rel=\"noopener noreferrer\">\n  <button style=\"\n    background-color: #007bff;\n    color: white;\n    font-size: 18px;\n    padding: 12px 24px;\n    border: none;\n    border-radius: 6px;\n    cursor: pointer;\n    transition: background-color 0.3s ease;\n    margin-right: 12px;\n  \" onmouseover=\"this.style.backgroundColor='#0056b3'\" onmouseout=\"this.style.backgroundColor='#007bff'\">\n    Osta kirja (44,00 \u20ac)\n  <\/button>\n<\/a>\n\n<!-- Englanninkielinen nappi -->\n<a href=\"https:\/\/closethehooks.com\/\" target=\"_blank\" rel=\"noopener noreferrer\">\n  <button style=\"\n    background-color: #28a745;\n    color: white;\n    font-size: 18px;\n    padding: 12px 24px;\n    border: none;\n    border-radius: 6px;\n    cursor: pointer;\n    transition: background-color 0.3s ease;\n  \" onmouseover=\"this.style.backgroundColor='#1e7e34'\" onmouseout=\"this.style.backgroundColor='#28a745'\">\n    Click here for the English version of the book\n  <\/button>\n<\/a>\n","protected":false},"excerpt":{"rendered":"<p>Koukut Kiinni \u2013 Nostoty\u00f6matematiikkaa Koukut Kiinni on ainutlaatuinen tekninen oppikirja, joka yhdist\u00e4\u00e4 nostoty\u00f6n mekaaniset lainalaisuudet ja matemaattisen analyysin selke\u00e4ksi ja [&hellip;]<\/p>\n","protected":false},"author":1,"featured_media":0,"parent":0,"menu_order":0,"comment_status":"closed","ping_status":"closed","template":"","meta":{"site-sidebar-layout":"default","site-content-layout":"","ast-site-content-layout":"default","site-content-style":"default","site-sidebar-style":"default","ast-global-header-display":"","ast-banner-title-visibility":"","ast-main-header-display":"","ast-hfb-above-header-display":"","ast-hfb-below-header-display":"","ast-hfb-mobile-header-display":"","site-post-title":"","ast-breadcrumbs-content":"","ast-featured-img":"","footer-sml-layout":"","ast-disable-related-posts":"","theme-transparent-header-meta":"","adv-header-id-meta":"","stick-header-meta":"","header-above-stick-meta":"","header-main-stick-meta":"","header-below-stick-meta":"","astra-migrate-meta-layouts":"default","ast-page-background-enabled":"default","ast-page-background-meta":{"desktop":{"background-color":"var(--ast-global-color-5)","background-image":"","background-repeat":"repeat","background-position":"center center","background-size":"auto","background-attachment":"scroll","background-type":"","background-media":"","overlay-type":"","overlay-color":"","overlay-opacity":"","overlay-gradient":""},"tablet":{"background-color":"","background-image":"","background-repeat":"repeat","background-position":"center center","background-size":"auto","background-attachment":"scroll","background-type":"","background-media":"","overlay-type":"","overlay-color":"","overlay-opacity":"","overlay-gradient":""},"mobile":{"background-color":"","background-image":"","background-repeat":"repeat","background-position":"center center","background-size":"auto","background-attachment":"scroll","background-type":"","background-media":"","overlay-type":"","overlay-color":"","overlay-opacity":"","overlay-gradient":""}},"ast-content-background-meta":{"desktop":{"background-color":"var(--ast-global-color-4)","background-image":"","background-repeat":"repeat","background-position":"center center","background-size":"auto","background-attachment":"scroll","background-type":"","background-media":"","overlay-type":"","overlay-color":"","overlay-opacity":"","overlay-gradient":""},"tablet":{"background-color":"var(--ast-global-color-4)","background-image":"","background-repeat":"repeat","background-position":"center center","background-size":"auto","background-attachment":"scroll","background-type":"","background-media":"","overlay-type":"","overlay-color":"","overlay-opacity":"","overlay-gradient":""},"mobile":{"background-color":"var(--ast-global-color-4)","background-image":"","background-repeat":"repeat","background-position":"center center","background-size":"auto","background-attachment":"scroll","background-type":"","background-media":"","overlay-type":"","overlay-color":"","overlay-opacity":"","overlay-gradient":""}},"footnotes":""},"class_list":["post-15","page","type-page","status-publish","hentry"],"_links":{"self":[{"href":"https:\/\/koukutkiinni.fi\/index.php?rest_route=\/wp\/v2\/pages\/15","targetHints":{"allow":["GET"]}}],"collection":[{"href":"https:\/\/koukutkiinni.fi\/index.php?rest_route=\/wp\/v2\/pages"}],"about":[{"href":"https:\/\/koukutkiinni.fi\/index.php?rest_route=\/wp\/v2\/types\/page"}],"author":[{"embeddable":true,"href":"https:\/\/koukutkiinni.fi\/index.php?rest_route=\/wp\/v2\/users\/1"}],"replies":[{"embeddable":true,"href":"https:\/\/koukutkiinni.fi\/index.php?rest_route=%2Fwp%2Fv2%2Fcomments&post=15"}],"version-history":[{"count":3,"href":"https:\/\/koukutkiinni.fi\/index.php?rest_route=\/wp\/v2\/pages\/15\/revisions"}],"predecessor-version":[{"id":55,"href":"https:\/\/koukutkiinni.fi\/index.php?rest_route=\/wp\/v2\/pages\/15\/revisions\/55"}],"wp:attachment":[{"href":"https:\/\/koukutkiinni.fi\/index.php?rest_route=%2Fwp%2Fv2%2Fmedia&parent=15"}],"curies":[{"name":"wp","href":"https:\/\/api.w.org\/{rel}","templated":true}]}}